{"id":27,"date":"2016-06-24T12:33:52","date_gmt":"2016-06-24T10:33:52","guid":{"rendered":"http:\/\/www.ritter-pt.ch\/neu2016\/?page_id=27"},"modified":"2016-09-17T12:01:02","modified_gmt":"2016-09-17T10:01:02","slug":"leistungen","status":"publish","type":"page","link":"https:\/\/www.ritter-pt.ch\/?page_id=27","title":{"rendered":"Leistungen"},"content":{"rendered":"<h3>Prozesse und Zielsetzung des Kunden<\/h3>\n<p>Bei der Auswahl oder Erweiterung einer Software ist es unerl\u00e4sslich, sich mit den Prozessen und Zielsetzungen des Kunden intensiv auseinanderzusetzen. Oftmals entlarvt sich eine verk\u00e4uferisch gut pr\u00e4sentierte und vermeidlich gut passende Standardl\u00f6sung im Laufe der Einf\u00fchrungsphase als Fass ohne Boden, genauso kann sich eine Individuall\u00f6sung entwickeln. Eine saubere Erfassung und Gewichtung aller Requirements ist die Voraussetzung f\u00fcr eine erfolgreiche Applikation, welche die erforderlichen Kundenbed\u00fcrfnisse abbildet.<\/p>\n<h3>Vorgehensmodell<\/h3>\n<p>F\u00fcr den Projekterfolg ist es wichtig, von Anfang an mit den Kundenmitarbeitern ein Team zu bilden, damit das vorhandene Know How schon in der Konzeptionsphase in das Projekt eingebunden werden kann. Der Umgang mit verschiedensten Charakteren von Menschen, den involvierten Prozessen sowie den stetig erneuerten Technologien ist, was mich jeden Tag von neuem motiviert.<\/p>\n<p>Die Anwendung von Lean-Agile und SCRUM helfen mir, Ihr Team wirkungsvoll zu unterst\u00fctzen.\u00a0Wichtig ist und war mir immer, Know How transparent aufzubauen und an Ihre j\u00fcngeren Mitarbeiter abzugeben.<\/p>\n<p>Dies stellt mir sicher, dass ich immer Ressourcen frei habe, auf den jeweils neuesten Produkten und Technologien zu arbeiten ohne eine gegenseitig Abh\u00e4ngigkeit zu und von meinen Kunden zu zementieren.<\/p>\n<h3>Folgende gemeinsamen Schritte f\u00fchren zum Erfolg:<\/h3>\n<ul>\n<li>Erstes, f\u00fcr Neukunden kostenloses Gespr\u00e4ch zur groben Zielerfassung<\/li>\n<li>Erfassen und Definieren des Projektzieles, Umfeldanalyse<\/li>\n<li>Definieren und Durchf\u00fchren eines Vorprojektes zur Verfeinerung der Projektziele oder Angebotsabgabe ab Requirements \/ Pflichtenheft<\/li>\n<li>Nach Auftragserteilung Umsetzung<\/li>\n<li>Abnahmetests, \u00a0\u00dcbergabearbeiten und Schulung<\/li>\n<li>\u00dcbergabe des Projektes zum operativen Betrieb<\/li>\n<\/ul>\n<h3><\/h3>\n<h3>Dokumentation und Lebenszyklus:<\/h3>\n<p>Es ist ein Credo f\u00fcr mich, die Arbeiten gut dokumentiert zu \u00fcbergeben,\u00a0auf dem ganzen Produkt-Lebenszyklus,\u00a0angefangen bei den Requirements und Spezifikationen\u00a0\u00fcber Entwicklung, Abnahme- und Regressions-Tests bis zur Wartung.<\/p>\n<p>&nbsp;<\/p>\n","protected":false},"excerpt":{"rendered":"<p>Prozesse und Zielsetzung des Kunden Bei der Auswahl oder Erweiterung einer Software ist es unerl\u00e4sslich, sich mit den Prozessen und Zielsetzungen des Kunden intensiv auseinanderzusetzen. Oftmals entlarvt sich eine verk\u00e4uferisch<\/p>\n","protected":false},"author":2,"featured_media":0,"parent":0,"menu_order":0,"comment_status":"closed","ping_status":"closed","template":"","meta":{"footnotes":""},"_links":{"self":[{"href":"https:\/\/www.ritter-pt.ch\/index.php?rest_route=\/wp\/v2\/pages\/27"}],"collection":[{"href":"https:\/\/www.ritter-pt.ch\/index.php?rest_route=\/wp\/v2\/pages"}],"about":[{"href":"https:\/\/www.ritter-pt.ch\/index.php?rest_route=\/wp\/v2\/types\/page"}],"author":[{"embeddable":true,"href":"https:\/\/www.ritter-pt.ch\/index.php?rest_route=\/wp\/v2\/users\/2"}],"replies":[{"embeddable":true,"href":"https:\/\/www.ritter-pt.ch\/index.php?rest_route=%2Fwp%2Fv2%2Fcomments&post=27"}],"version-history":[{"count":6,"href":"https:\/\/www.ritter-pt.ch\/index.php?rest_route=\/wp\/v2\/pages\/27\/revisions"}],"predecessor-version":[{"id":211,"href":"https:\/\/www.ritter-pt.ch\/index.php?rest_route=\/wp\/v2\/pages\/27\/revisions\/211"}],"wp:attachment":[{"href":"https:\/\/www.ritter-pt.ch\/index.php?rest_route=%2Fwp%2Fv2%2Fmedia&parent=27"}],"curies":[{"name":"wp","href":"https:\/\/api.w.org\/{rel}","templated":true}]}}