{"id":329,"date":"2024-02-11T00:20:25","date_gmt":"2024-02-10T23:20:25","guid":{"rendered":"https:\/\/www.ritter-pt.ch\/?page_id=329"},"modified":"2024-02-11T00:20:26","modified_gmt":"2024-02-10T23:20:26","slug":"datenschutzerklaerung-3","status":"publish","type":"page","link":"https:\/\/www.ritter-pt.ch\/?page_id=329","title":{"rendered":"Datenschutzerkl\u00e4rung"},"content":{"rendered":"\n<h2 class=\"wp-block-heading\">Cookies<\/h2>\n\n\n\n<p><br>Um das Surfen auf der Webseite zu verbessern, verwenden wir sogenannte Cookies. Cookies sind kleine Textdateien, die in der Regel aus Buchstaben und Zahlen bestehen, die vom Webbrowser der Nutzer auf ihrem PC gespeichert und pseudo-anonymisierte Daten enthalten. Cookies erlauben einer Webseite, den Computer der Nutzer zu erkennen, um das Durchsuchen von mehreren Seiten einer Webseite zu verfolgen und die Nutzer zu identifizieren, die zu einer Website zur\u00fcckkehren. Es gibt Cookies f\u00fcr technische, analytische und Profiling-Zwecke.<\/p>\n\n\n\n<p>Die Webseite verwendet technische Cookies:<br>Sie k\u00f6nnen Cookies in ihrem Webbrowser deaktivieren oder entfernen gem\u00e4ss Anweisungen der Browser Herstellers.<\/p>\n\n\n\n<h2 class=\"wp-block-heading\">Eingebettete Inhalte von anderen Websites<\/h2>\n\n\n\n<p>Beitr\u00e4ge auf dieser Website k\u00f6nnen eingebettete Inhalte beinhalten (z.\u00a0B. Videos, Bilder, Fonts, Beitr\u00e4ge etc.). Eingebettete Inhalte von anderen Websites verhalten sich exakt so, als ob der Besucher die andere Website besucht h\u00e4tte.<\/p>\n\n\n\n<p>Diese Websites k\u00f6nnen Daten \u00fcber dich sammeln, Cookies benutzen, zus\u00e4tzliche Tracking-Dienste von Dritten einbetten und deine Interaktion mit diesem eingebetteten Inhalt aufzeichnen, inklusive deiner Interaktion mit dem eingebetteten Inhalt, falls du ein Konto hast und auf dieser Website angemeldet bist.<\/p>\n\n\n\n<h2 class=\"wp-block-heading\">Mit wem wir deine Daten teilen<\/h2>\n\n\n\n<p>Die Website verwendet technische Cookies, die von Drittanbietern, beispielsweise von Google, festgelegt werden. <\/p>\n\n\n\n<p>Im Einzelnen sind dies:<br>a) Google Analytics und Google Fonts. <\/p>\n\n\n\n<p><br>Diese Webseite verwendet keine Profiling-Cookies.<\/p>\n","protected":false},"excerpt":{"rendered":"<p>Cookies Um das Surfen auf der Webseite zu verbessern, verwenden wir sogenannte Cookies. Cookies sind kleine Textdateien, die in der Regel aus Buchstaben und Zahlen bestehen, die vom Webbrowser der<\/p>\n","protected":false},"author":2,"featured_media":0,"parent":0,"menu_order":0,"comment_status":"closed","ping_status":"closed","template":"","meta":{"footnotes":""},"_links":{"self":[{"href":"https:\/\/www.ritter-pt.ch\/index.php?rest_route=\/wp\/v2\/pages\/329"}],"collection":[{"href":"https:\/\/www.ritter-pt.ch\/index.php?rest_route=\/wp\/v2\/pages"}],"about":[{"href":"https:\/\/www.ritter-pt.ch\/index.php?rest_route=\/wp\/v2\/types\/page"}],"author":[{"embeddable":true,"href":"https:\/\/www.ritter-pt.ch\/index.php?rest_route=\/wp\/v2\/users\/2"}],"replies":[{"embeddable":true,"href":"https:\/\/www.ritter-pt.ch\/index.php?rest_route=%2Fwp%2Fv2%2Fcomments&post=329"}],"version-history":[{"count":1,"href":"https:\/\/www.ritter-pt.ch\/index.php?rest_route=\/wp\/v2\/pages\/329\/revisions"}],"predecessor-version":[{"id":332,"href":"https:\/\/www.ritter-pt.ch\/index.php?rest_route=\/wp\/v2\/pages\/329\/revisions\/332"}],"wp:attachment":[{"href":"https:\/\/www.ritter-pt.ch\/index.php?rest_route=%2Fwp%2Fv2%2Fmedia&parent=329"}],"curies":[{"name":"wp","href":"https:\/\/api.w.org\/{rel}","templated":true}]}}